{"id":330,"date":"2023-02-14T08:56:32","date_gmt":"2023-02-14T08:56:32","guid":{"rendered":"https:\/\/www.ms-fotograf.com\/?page_id=330"},"modified":"2023-02-21T07:07:54","modified_gmt":"2023-02-21T07:07:54","slug":"galerie-prywatne","status":"publish","type":"page","link":"https:\/\/www.ms-fotograf.com\/?page_id=330","title":{"rendered":"Galerie prywatne"},"content":{"rendered":"\n<p> <\/p>\n\n\n\n<div class=\"wp-block-cover alignfull\" style=\"min-height:800px\"><span aria-hidden=\"true\" class=\"wp-block-cover__background has-background-dim-60 has-background-dim\"><\/span><img decoding=\"async\" loading=\"lazy\" width=\"2362\" height=\"954\" class=\"wp-block-cover__image-background wp-image-1074\" alt=\"\" src=\"https:\/\/www.ms-fotograf.com\/wp-content\/uploads\/2023\/02\/prywatne.jpg\" style=\"object-position:47% 100%\" data-object-fit=\"cover\" data-object-position=\"47% 100%\" srcset=\"https:\/\/www.ms-fotograf.com\/wp-content\/uploads\/2023\/02\/prywatne.jpg 2362w, https:\/\/www.ms-fotograf.com\/wp-content\/uploads\/2023\/02\/prywatne-600x242.jpg 600w, https:\/\/www.ms-fotograf.com\/wp-content\/uploads\/2023\/02\/prywatne-1024x414.jpg 1024w, https:\/\/www.ms-fotograf.com\/wp-content\/uploads\/2023\/02\/prywatne-768x310.jpg 768w, https:\/\/www.ms-fotograf.com\/wp-content\/uploads\/2023\/02\/prywatne-1536x620.jpg 1536w, https:\/\/www.ms-fotograf.com\/wp-content\/uploads\/2023\/02\/prywatne-2048x827.jpg 2048w\" sizes=\"(max-width: 2362px) 100vw, 2362px\" \/><div class=\"wp-block-cover__inner-container\">\n<h2 class=\"alignwide wp-block-heading has-white-color has-text-color\" style=\"font-size:64px\">Galerie prywatne<\/h2>\n\n\n\n<div class=\"is-layout-flex wp-container-2 wp-block-columns alignwide\">\n<div class=\"is-layout-flow wp-block-column\" style=\"flex-basis:55%\">\n<div style=\"height:330px\" aria-hidden=\"true\" class=\"wp-block-spacer\"><\/div>\n\n\n\n<p class=\"has-white-color has-text-color\" style=\"font-size:16px;line-height:1.3\"><em>Jako dodatkowy serwis oferuj\u0119 klientom prywatn\u0105 galeri\u0119 chronion\u0105 has\u0142em. <\/em><\/p>\n<\/div>\n<\/div>\n<\/div><\/div>\n","protected":false},"excerpt":{"rendered":"","protected":false},"author":1,"featured_media":0,"parent":0,"menu_order":0,"comment_status":"closed","ping_status":"closed","template":"page-templates\/photograph-template.php","meta":[],"_links":{"self":[{"href":"https:\/\/www.ms-fotograf.com\/index.php?rest_route=\/wp\/v2\/pages\/330"}],"collection":[{"href":"https:\/\/www.ms-fotograf.com\/index.php?rest_route=\/wp\/v2\/pages"}],"about":[{"href":"https:\/\/www.ms-fotograf.com\/index.php?rest_route=\/wp\/v2\/types\/page"}],"author":[{"embeddable":true,"href":"https:\/\/www.ms-fotograf.com\/index.php?rest_route=\/wp\/v2\/users\/1"}],"replies":[{"embeddable":true,"href":"https:\/\/www.ms-fotograf.com\/index.php?rest_route=%2Fwp%2Fv2%2Fcomments&post=330"}],"version-history":[{"count":6,"href":"https:\/\/www.ms-fotograf.com\/index.php?rest_route=\/wp\/v2\/pages\/330\/revisions"}],"predecessor-version":[{"id":1076,"href":"https:\/\/www.ms-fotograf.com\/index.php?rest_route=\/wp\/v2\/pages\/330\/revisions\/1076"}],"wp:attachment":[{"href":"https:\/\/www.ms-fotograf.com\/index.php?rest_route=%2Fwp%2Fv2%2Fmedia&parent=330"}],"curies":[{"name":"wp","href":"https:\/\/api.w.org\/{rel}","templated":true}]}}