{"id":7,"date":"2023-02-07T11:11:07","date_gmt":"2023-02-07T11:11:07","guid":{"rendered":"https:\/\/www.ms-fotograf.com\/?page_id=7"},"modified":"2023-03-05T07:37:18","modified_gmt":"2023-03-05T07:37:18","slug":"informacje","status":"publish","type":"page","link":"https:\/\/www.ms-fotograf.com\/?page_id=7","title":{"rendered":"Informacje"},"content":{"rendered":"\n<p>Nazywam si\u0119 Micha\u0142 Stosik. Jestem zawodowym fotoreporterem od 2003 roku.<\/p>\n\n\n\n<p>Specjalizuj\u0119 sie w dokumentowaniu wydarze\u0144 sportowych, szczeg\u00f3lnie dyscyplin halowych oraz \u017ceglarskich. Moj\u0105 dziedzin\u0105 jest tenis sto\u0142owy i windsurfing. <\/p>\n\n\n\n<p>Obs\u0142ugiwa\u0142em mi\u0119dzy innymi nast\u0119puj\u0105ce imprezy sportowe jako oficjalny fotograf:<\/p>\n\n\n\n<ul>\n<li>FORMULA WINDSURFING YOUTH &amp; MASTER WORLD CHAMPIONSHIPS Dranske 2004<\/li>\n\n\n\n<li>Polish Open w tenisie sto\u0142owym Warszawa 2004<\/li>\n\n\n\n<li>FORMULA WINDSURFING EUROPEAN CHAMPIONSHIPS Rhodos 2005<\/li>\n\n\n\n<li>Slalom European Championships Alacate 2005<\/li>\n\n\n\n<li>Slalom Windsurfing World Championships Alacate 2006<\/li>\n\n\n\n<li>Allegro Cup \u0141eba 2007<\/li>\n\n\n\n<li>Allegro Cup \u0141eba 2008<\/li>\n\n\n\n<li>Formula Windsurfing World Championships Alvor 2008<\/li>\n\n\n\n<li>Polish Open w tenisie sto\u0142owym Warszawa 2010<\/li>\n\n\n\n<li>Mistrzostwa Europy w tenisie sto\u0142owym Gda\u0144sk\/Sopot 2011<\/li>\n\n\n\n<li>Polish Open w tenisie sto\u0142owym Spa\u0142a 2013<\/li>\n\n\n\n<li>German Open Tischtennis Berlin 2016<\/li>\n\n\n\n<li>Tischtennisweltmeisterschaften D\u00fcsseldorf 2017<\/li>\n<\/ul>\n\n\n\n<p>Fotografuj\u0119 ponadto okoliczno\u015bciowe imprezy rodzinne, biznesowe oraz estradowe.<\/p>\n\n\n\n<p>Zapraszam tak\u017ce do mojego studia aby artystycznie upami\u0119tni\u0107 wa\u017cne momenty \u017cyciowe jak zar\u0119czyny, oczekiwanie na potomstwo, otwarcie w\u0142asnego biznesu. <\/p>\n\n\n\n<p>Zapraszam do wsp\u00f3\u0142pracy. <\/p>\n\n\n\n<p><\/p>\n\n\n\n<figure class=\"wp-block-image size-large is-resized\"><img decoding=\"async\" loading=\"lazy\" src=\"https:\/\/www.ms-fotograf.com\/wp-content\/uploads\/2023\/02\/Auto-1024x1024.jpg\" alt=\"\" class=\"wp-image-191\" width=\"342\" height=\"342\" srcset=\"https:\/\/www.ms-fotograf.com\/wp-content\/uploads\/2023\/02\/Auto-1024x1024.jpg 1024w, https:\/\/www.ms-fotograf.com\/wp-content\/uploads\/2023\/02\/Auto-300x300.jpg 300w, https:\/\/www.ms-fotograf.com\/wp-content\/uploads\/2023\/02\/Auto-150x150.jpg 150w, https:\/\/www.ms-fotograf.com\/wp-content\/uploads\/2023\/02\/Auto-768x768.jpg 768w, https:\/\/www.ms-fotograf.com\/wp-content\/uploads\/2023\/02\/Auto-960x960.jpg 960w, https:\/\/www.ms-fotograf.com\/wp-content\/uploads\/2023\/02\/Auto-140x140.jpg 140w, https:\/\/www.ms-fotograf.com\/wp-content\/uploads\/2023\/02\/Auto-50x50.jpg 50w, https:\/\/www.ms-fotograf.com\/wp-content\/uploads\/2023\/02\/Auto-666x666.jpg 666w, https:\/\/www.ms-fotograf.com\/wp-content\/uploads\/2023\/02\/Auto-80x80.jpg 80w, https:\/\/www.ms-fotograf.com\/wp-content\/uploads\/2023\/02\/Auto.jpg 1535w\" sizes=\"(max-width: 342px) 100vw, 342px\" \/><\/figure>\n","protected":false},"excerpt":{"rendered":"<p>Nazywam si\u0119 Micha\u0142 Stosik. Jestem zawodowym fotoreporterem od 2003 roku. Specjalizuj\u0119 sie w dokumentowaniu wydarze\u0144 sportowych, szczeg\u00f3lnie dyscyplin halowych oraz \u017ceglarskich. Moj\u0105 dziedzin\u0105 jest tenis&hellip; <\/p>\n","protected":false},"author":1,"featured_media":0,"parent":0,"menu_order":0,"comment_status":"closed","ping_status":"closed","template":"page-templates\/gallery-template.php","meta":[],"_links":{"self":[{"href":"https:\/\/www.ms-fotograf.com\/index.php?rest_route=\/wp\/v2\/pages\/7"}],"collection":[{"href":"https:\/\/www.ms-fotograf.com\/index.php?rest_route=\/wp\/v2\/pages"}],"about":[{"href":"https:\/\/www.ms-fotograf.com\/index.php?rest_route=\/wp\/v2\/types\/page"}],"author":[{"embeddable":true,"href":"https:\/\/www.ms-fotograf.com\/index.php?rest_route=\/wp\/v2\/users\/1"}],"replies":[{"embeddable":true,"href":"https:\/\/www.ms-fotograf.com\/index.php?rest_route=%2Fwp%2Fv2%2Fcomments&post=7"}],"version-history":[{"count":10,"href":"https:\/\/www.ms-fotograf.com\/index.php?rest_route=\/wp\/v2\/pages\/7\/revisions"}],"predecessor-version":[{"id":1420,"href":"https:\/\/www.ms-fotograf.com\/index.php?rest_route=\/wp\/v2\/pages\/7\/revisions\/1420"}],"wp:attachment":[{"href":"https:\/\/www.ms-fotograf.com\/index.php?rest_route=%2Fwp%2Fv2%2Fmedia&parent=7"}],"curies":[{"name":"wp","href":"https:\/\/api.w.org\/{rel}","templated":true}]}}