{"id":859,"date":"2023-02-18T15:59:47","date_gmt":"2023-02-18T15:59:47","guid":{"rendered":"https:\/\/www.ms-fotograf.com\/?page_id=859"},"modified":"2023-02-21T19:19:33","modified_gmt":"2023-02-21T19:19:33","slug":"cennik","status":"publish","type":"page","link":"https:\/\/www.ms-fotograf.com\/?page_id=859","title":{"rendered":"Cennik"},"content":{"rendered":"\n<div class=\"is-layout-constrained wp-block-group\"><div class=\"wp-block-group__inner-container\">\n<p class=\"has-white-color has-text-color\">Sesja indywidualna                                        od  600 z\u0142<\/p>\n\n\n\n<p>Sesja rodzinna                                               od  800 z\u0142<\/p>\n\n\n\n<p>Reporta\u017c okoliczno\u015bciowy                           od 2000 z\u0142   <\/p>\n\n\n\n<p>Reporta\u017c weselny                                        od  4000 z\u0142<\/p>\n\n\n\n<p>Reporta\u017c sportowy 1 dzie\u0144                               2500 z\u0142<\/p>\n\n\n\n<p>Reporta\u017c estradowy 1 dzie\u0144                             2000 z\u0142<\/p>\n\n\n\n<p>Reporta\u017c biznesowy                                          3000 z\u0142                          <\/p>\n<\/div><\/div>\n\n\n\n<p><\/p>\n\n\n\n<figure class=\"wp-block-image size-full is-resized\"><img decoding=\"async\" loading=\"lazy\" src=\"https:\/\/www.ms-fotograf.com\/wp-content\/uploads\/2023\/02\/cropped-cropped-logo-ok-1-1.png\" alt=\"\" class=\"wp-image-341\" width=\"140\" height=\"67\" srcset=\"https:\/\/www.ms-fotograf.com\/wp-content\/uploads\/2023\/02\/cropped-cropped-logo-ok-1-1.png 372w, https:\/\/www.ms-fotograf.com\/wp-content\/uploads\/2023\/02\/cropped-cropped-logo-ok-1-1-300x144.png 300w\" sizes=\"(max-width: 140px) 100vw, 140px\" \/><\/figure>\n","protected":false},"excerpt":{"rendered":"<p>Sesja indywidualna od 600 z\u0142 Sesja rodzinna od 800 z\u0142 Reporta\u017c okoliczno\u015bciowy od 2000 z\u0142 Reporta\u017c weselny od 4000 z\u0142 Reporta\u017c sportowy 1 dzie\u0144 2500&hellip; <\/p>\n","protected":false},"author":1,"featured_media":0,"parent":0,"menu_order":0,"comment_status":"closed","ping_status":"closed","template":"page-templates\/aboutus-template.php","meta":[],"_links":{"self":[{"href":"https:\/\/www.ms-fotograf.com\/index.php?rest_route=\/wp\/v2\/pages\/859"}],"collection":[{"href":"https:\/\/www.ms-fotograf.com\/index.php?rest_route=\/wp\/v2\/pages"}],"about":[{"href":"https:\/\/www.ms-fotograf.com\/index.php?rest_route=\/wp\/v2\/types\/page"}],"author":[{"embeddable":true,"href":"https:\/\/www.ms-fotograf.com\/index.php?rest_route=\/wp\/v2\/users\/1"}],"replies":[{"embeddable":true,"href":"https:\/\/www.ms-fotograf.com\/index.php?rest_route=%2Fwp%2Fv2%2Fcomments&post=859"}],"version-history":[{"count":8,"href":"https:\/\/www.ms-fotograf.com\/index.php?rest_route=\/wp\/v2\/pages\/859\/revisions"}],"predecessor-version":[{"id":1096,"href":"https:\/\/www.ms-fotograf.com\/index.php?rest_route=\/wp\/v2\/pages\/859\/revisions\/1096"}],"wp:attachment":[{"href":"https:\/\/www.ms-fotograf.com\/index.php?rest_route=%2Fwp%2Fv2%2Fmedia&parent=859"}],"curies":[{"name":"wp","href":"https:\/\/api.w.org\/{rel}","templated":true}]}}